{"id":405,"date":"2024-07-21T20:54:47","date_gmt":"2024-07-21T20:54:47","guid":{"rendered":"https:\/\/hubcircularsni.com\/servicios-colaborativos\/?page_id=405"},"modified":"2024-07-22T03:43:06","modified_gmt":"2024-07-22T03:43:06","slug":"registro-de-proveedores","status":"publish","type":"page","link":"https:\/\/hubcircularsni.com\/servicios-colaborativos\/registro-de-proveedores\/","title":{"rendered":"Registro de proveedores"},"content":{"rendered":"\t\t<div data-elementor-type=\"wp-page\" data-elementor-id=\"405\" class=\"elementor elementor-405\">\n\t\t\t\t<div class=\"elementor-element elementor-element-a77790a e-flex e-con-boxed e-con e-parent\" data-id=\"a77790a\" data-element_type=\"container\" data-e-type=\"container\" data-settings=\"{&quot;background_background&quot;:&quot;classic&quot;}\">\n\t\t\t\t\t<div class=\"e-con-inner\">\n\t\t\t\t<div class=\"elementor-element elementor-element-d50b707 elementor-widget elementor-widget-heading\" data-id=\"d50b707\" data-element_type=\"widget\" data-e-type=\"widget\" data-widget_type=\"heading.default\">\n\t\t\t\t<div class=\"elementor-widget-container\">\n\t\t\t\t\t<h2 class=\"elementor-heading-title elementor-size-default\">Registro gu\u00eda de proveedores circulares<\/h2>\t\t\t\t<\/div>\n\t\t\t\t<\/div>\n\t\t\t\t<div class=\"elementor-element elementor-element-4bd5e95 elementor-widget elementor-widget-shortcode\" data-id=\"4bd5e95\" data-element_type=\"widget\" data-e-type=\"widget\" data-widget_type=\"shortcode.default\">\n\t\t\t\t<div class=\"elementor-widget-container\">\n\t\t\t\t\t\t\t<div class=\"elementor-shortcode\">\n<div class=\"wpcf7 no-js\" id=\"wpcf7-f404-o1\" lang=\"es-ES\" dir=\"ltr\" data-wpcf7-id=\"404\">\n<div class=\"screen-reader-response\"><p role=\"status\" aria-live=\"polite\" aria-atomic=\"true\"><\/p> <ul><\/ul><\/div>\n<form action=\"\/servicios-colaborativos\/wp-json\/wp\/v2\/pages\/405#wpcf7-f404-o1\" method=\"post\" class=\"wpcf7-form init\" aria-label=\"Contact form\" enctype=\"multipart\/form-data\" novalidate=\"novalidate\" data-status=\"init\">\n<fieldset class=\"hidden-fields-container\"><input type=\"hidden\" name=\"_wpcf7\" value=\"404\" \/><input type=\"hidden\" name=\"_wpcf7_version\" value=\"6.1.5\" \/><input type=\"hidden\" name=\"_wpcf7_locale\" value=\"es_ES\" \/><input type=\"hidden\" name=\"_wpcf7_unit_tag\" value=\"wpcf7-f404-o1\" \/><input type=\"hidden\" name=\"_wpcf7_container_post\" value=\"0\" \/><input type=\"hidden\" name=\"_wpcf7_posted_data_hash\" value=\"\" \/><input type=\"hidden\" name=\"_wpcf7_recaptcha_response\" value=\"\" \/>\n<\/fieldset>\n<div id=\"responsive-form\" class=\"clearfix\">\n\t<h4>Informaci\u00f3n del Contacto Principal\n\t<\/h4>\n\t<div class=\"form-row\">\n\t\t<div class=\"column-half\">\n\t\t\t<p>Nombre Completo<br \/>\n<span class=\"wpcf7-form-control-wrap\" data-name=\"nombres\"><input size=\"40\" maxlength=\"400\" class=\"wpcf7-form-control wpcf7-text wpcf7-validates-as-required\" aria-required=\"true\" aria-invalid=\"false\" placeholder=\"Nombre Completo\" value=\"\" type=\"text\" name=\"nombres\" \/><\/span>\n\t\t\t<\/p>\n\t\t<\/div>\n\t\t<div class=\"column-half\">\n\t\t\t<p>Cargo<br \/>\n<span class=\"wpcf7-form-control-wrap\" data-name=\"cargo\"><input size=\"40\" maxlength=\"400\" class=\"wpcf7-form-control wpcf7-text wpcf7-validates-as-required\" aria-required=\"true\" aria-invalid=\"false\" placeholder=\"Cargo\" value=\"\" type=\"text\" name=\"cargo\" \/><\/span>\n\t\t\t<\/p>\n\t\t<\/div>\n\t<\/div>\n\t<div class=\"form-row\">\n\t\t<div class=\"column-half\">\n\t\t\t<p>Tel\u00e9fono de Contacto<br \/>\n<span class=\"wpcf7-form-control-wrap\" data-name=\"telefono-de-contacto\"><input class=\"wpcf7-form-control wpcf7-number wpcf7-validates-as-required wpcf7-validates-as-number\" aria-required=\"true\" aria-invalid=\"false\" placeholder=\"Tel\u00e9fono de Contacto\" value=\"\" type=\"number\" name=\"telefono-de-contacto\" \/><\/span>\n\t\t\t<\/p>\n\t\t<\/div>\n\t\t<div class=\"column-half\">\n\t\t\t<p>Correo Electr\u00f3nico<br \/>\n<span class=\"wpcf7-form-control-wrap\" data-name=\"correo-electronico\"><input size=\"40\" maxlength=\"400\" class=\"wpcf7-form-control wpcf7-email wpcf7-validates-as-required wpcf7-text wpcf7-validates-as-email\" aria-required=\"true\" aria-invalid=\"false\" placeholder=\"Correo Electr\u00f3nico\" value=\"\" type=\"email\" name=\"correo-electronico\" \/><\/span>\n\t\t\t<\/p>\n\t\t<\/div>\n\t<\/div>\n\t<h4>Informaci\u00f3n de la empresa y la soluci\u00f3n\n\t<\/h4>\n\t<div class=\"form-row\">\n\t\t<div class=\"column-half\">\n\t\t\t<p>Raz\u00f3n social<br \/>\n<span class=\"wpcf7-form-control-wrap\" data-name=\"razon-social\"><input size=\"40\" maxlength=\"400\" class=\"wpcf7-form-control wpcf7-text wpcf7-validates-as-required\" aria-required=\"true\" aria-invalid=\"false\" placeholder=\"Nombre inscrito en la SUNAT\" value=\"\" type=\"text\" name=\"razon-social\" \/><\/span>\n\t\t\t<\/p>\n\t\t<\/div>\n\t\t<div class=\"column-half\">\n\t\t\t<p>RUC<br \/>\n<span class=\"wpcf7-form-control-wrap\" data-name=\"ruc\"><input size=\"40\" maxlength=\"400\" class=\"wpcf7-form-control wpcf7-text wpcf7-validates-as-required\" aria-required=\"true\" aria-invalid=\"false\" placeholder=\"RUC\" value=\"\" type=\"text\" name=\"ruc\" \/><\/span>\n\t\t\t<\/p>\n\t\t<\/div>\n\t<\/div>\n\t<div class=\"form-row\">\n\t\t<div class=\"column-half\">\n\t\t\t<p>Nombre comercial<br \/>\n<span class=\"wpcf7-form-control-wrap\" data-name=\"nombre-comercial\"><input size=\"40\" maxlength=\"400\" class=\"wpcf7-form-control wpcf7-text wpcf7-validates-as-required\" aria-required=\"true\" aria-invalid=\"false\" placeholder=\"Nombre con el cual se identifica a la empresa\" value=\"\" type=\"text\" name=\"nombre-comercial\" \/><\/span>\n\t\t\t<\/p>\n\t\t<\/div>\n\t\t<div class=\"column-half\">\n\t\t\t<p>Direcci\u00f3n Fiscal<br \/>\n<span class=\"wpcf7-form-control-wrap\" data-name=\"direccion-fiscal\"><input size=\"40\" maxlength=\"400\" class=\"wpcf7-form-control wpcf7-text wpcf7-validates-as-required\" aria-required=\"true\" aria-invalid=\"false\" placeholder=\"Registrado en SUNAT\" value=\"\" type=\"text\" name=\"direccion-fiscal\" \/><\/span>\n\t\t\t<\/p>\n\t\t<\/div>\n\t<\/div>\n\t<div class=\"form-row\">\n\t\t<div class=\"column-half\">\n\t\t\t<p>Ciudad\/Regi\u00f3n<br \/>\n<span class=\"wpcf7-form-control-wrap\" data-name=\"ciudad-region\"><input size=\"40\" maxlength=\"400\" class=\"wpcf7-form-control wpcf7-text wpcf7-validates-as-required\" aria-required=\"true\" aria-invalid=\"false\" placeholder=\"Ciudad\/Regi\u00f3n\" value=\"\" type=\"text\" name=\"ciudad-region\" \/><\/span>\n\t\t\t<\/p>\n\t\t<\/div>\n\t\t<div class=\"column-half\">\n\t\t\t<p>Tel\u00e9fono<br \/>\n<span class=\"wpcf7-form-control-wrap\" data-name=\"telefono\"><input class=\"wpcf7-form-control wpcf7-number wpcf7-validates-as-required wpcf7-validates-as-number\" aria-required=\"true\" aria-invalid=\"false\" placeholder=\"Tel\u00e9fono\" value=\"\" type=\"number\" name=\"telefono\" \/><\/span>\n\t\t\t<\/p>\n\t\t<\/div>\n\t<\/div>\n\t<div class=\"form-row\">\n\t\t<div class=\"column-half\">\n\t\t\t<p>Correo Electr\u00f3nico<br \/>\n<span class=\"wpcf7-form-control-wrap\" data-name=\"email-contacto\"><input size=\"40\" maxlength=\"400\" class=\"wpcf7-form-control wpcf7-email wpcf7-validates-as-required wpcf7-text wpcf7-validates-as-email\" aria-required=\"true\" aria-invalid=\"false\" placeholder=\"Correo Electr\u00f3nico\" value=\"\" type=\"email\" name=\"email-contacto\" \/><\/span>\n\t\t\t<\/p>\n\t\t<\/div>\n\t\t<div class=\"column-half\">\n\t\t\t<p>P\u00e1gina Web<br \/>\n<span class=\"wpcf7-form-control-wrap\" data-name=\"pagina-web\"><input size=\"40\" maxlength=\"400\" class=\"wpcf7-form-control wpcf7-text wpcf7-validates-as-required\" aria-required=\"true\" aria-invalid=\"false\" placeholder=\"P\u00e1gina Web\" value=\"\" type=\"text\" name=\"pagina-web\" \/><\/span>\n\t\t\t<\/p>\n\t\t<\/div>\n\t<\/div>\n\t<div class=\"form-row\">\n\t\t<div class=\"column-half\">\n\t\t\t<p>Instagram<br \/>\n<span class=\"wpcf7-form-control-wrap\" data-name=\"instagram\"><input size=\"40\" maxlength=\"400\" class=\"wpcf7-form-control wpcf7-text wpcf7-validates-as-required\" aria-required=\"true\" aria-invalid=\"false\" placeholder=\"Instagram\" value=\"\" type=\"text\" name=\"instagram\" \/><\/span>\n\t\t\t<\/p>\n\t\t<\/div>\n\t\t<div class=\"column-half\">\n\t\t\t<p>Facebook<br \/>\n<span class=\"wpcf7-form-control-wrap\" data-name=\"facebook\"><input size=\"40\" maxlength=\"400\" class=\"wpcf7-form-control wpcf7-text wpcf7-validates-as-required\" aria-required=\"true\" aria-invalid=\"false\" placeholder=\"Facebook\" value=\"\" type=\"text\" name=\"facebook\" \/><\/span>\n\t\t\t<\/p>\n\t\t<\/div>\n\t<\/div>\n\t<div class=\"form-row\">\n\t\t<div class=\"column-half\">\n\t\t\t<p>LinkedIn<br \/>\n<span class=\"wpcf7-form-control-wrap\" data-name=\"linkedIn\"><input size=\"40\" maxlength=\"400\" class=\"wpcf7-form-control wpcf7-text wpcf7-validates-as-required\" aria-required=\"true\" aria-invalid=\"false\" placeholder=\"LinkedIn\" value=\"\" type=\"text\" name=\"linkedIn\" \/><\/span>\n\t\t\t<\/p>\n\t\t<\/div>\n\t\t<div class=\"column-half\">\n\t\t\t<p>Sector productivo<br \/>\n<span class=\"wpcf7-form-control-wrap\" data-name=\"sector-productivo\"><select class=\"wpcf7-form-control wpcf7-select\" aria-invalid=\"false\" name=\"sector-productivo\"><option value=\"\">\u2014Please choose an option\u2014<\/option><option value=\"Agroindustria\">Agroindustria<\/option><option value=\"Alimentos y bebidas\">Alimentos y bebidas<\/option><option value=\"Certificaciones ambientales\">Certificaciones ambientales<\/option><option value=\"Consultor\u00eda en sostenibilidad y econom\u00eda circular\">Consultor\u00eda en sostenibilidad y econom\u00eda circular<\/option><option value=\"Energ\u00edas renovables\">Energ\u00edas renovables<\/option><option value=\"Envases y embalajes sostenibles\">Envases y embalajes sostenibles<\/option><option value=\"Gesti\u00f3n de residuos industriales\">Gesti\u00f3n de residuos industriales<\/option><option value=\"Merchandising ecol\u00f3gico\">Merchandising ecol\u00f3gico<\/option><option value=\"Moda sostenible\">Moda sostenible<\/option><option value=\"Producci\u00f3n de eventos corporativos sostenibles\">Producci\u00f3n de eventos corporativos sostenibles<\/option><option value=\"Productos de limpieza ecol\u00f3gicos\">Productos de limpieza ecol\u00f3gicos<\/option><option value=\"Regalos corporativos sostenibles\">Regalos corporativos sostenibles<\/option><option value=\"Tecnolog\u00eda y maquinaria\">Tecnolog\u00eda y maquinaria<\/option><option value=\"Turismo sostenible\">Turismo sostenible<\/option><\/select><\/span>\n\t\t\t<\/p>\n\t\t<\/div>\n\t<\/div>\n\t<div class=\"form-row\">\n\t\t<div class=\"column-half\">\n\t\t\t<p>Otro Sector productivo (de no encontrar en las opciones)<br \/>\n<span class=\"wpcf7-form-control-wrap\" data-name=\"otro-sector-productivo\"><input size=\"40\" maxlength=\"400\" class=\"wpcf7-form-control wpcf7-text\" aria-invalid=\"false\" placeholder=\"Otro Sector productivo\" value=\"\" type=\"text\" name=\"otro-sector-productivo\" \/><\/span>\n\t\t\t<\/p>\n\t\t<\/div>\n\t\t<div class=\"column-half\">\n\t\t<\/div>\n\t\t<div class=\"column-half\">\n\t\t\t<p>La empresa es socia de la Sociedad Nacional de Industria\n\t\t\t<\/p>\n\t\t\t<p><span class=\"wpcf7-form-control-wrap\" data-name=\"socia\"><span class=\"wpcf7-form-control wpcf7-checkbox wpcf7-validates-as-required\"><span class=\"wpcf7-list-item first\"><input type=\"checkbox\" name=\"socia[]\" value=\"SI\" \/><span class=\"wpcf7-list-item-label\">SI<\/span><\/span><span class=\"wpcf7-list-item last\"><input type=\"checkbox\" name=\"socia[]\" value=\"NO\" \/><span class=\"wpcf7-list-item-label\">NO<\/span><\/span><\/span><\/span>\n\t\t\t<\/p>\n\t\t<\/div>\n\t<\/div>\n\t<div class=\"form-row\">\n\t\t<div class=\"column-full\">\n\t\t\t<p>Describir las principales caracter\u00edsticas de sus productos (su propuesta de valor) <span class=\"wpcf7-form-control-wrap\" data-name=\"caracteristicas\"><textarea cols=\"40\" rows=\"2\" maxlength=\"2000\" class=\"wpcf7-form-control wpcf7-textarea\" aria-invalid=\"false\" name=\"caracteristicas\"><\/textarea><\/span>\n\t\t\t<\/p>\n\t\t<\/div>\n\t\t<div class=\"form-row\">\n\t\t\t<div class=\"column-half\">\n\t\t\t\t<p>Adjuntar reporte tributario anual SUNAT en PDF del a\u00f1o anterior\n\t\t\t\t<\/p>\n\t\t\t\t<p><span class=\"nota\">Contiene informaci\u00f3n tributaria y econ\u00f3mica del contribuyente frente a la SUNAT (M\u00e1x. 1MB)<\/span><br \/>\n<span class=\"wpcf7-form-control-wrap\" data-name=\"reporte-tributario\"><input size=\"40\" class=\"wpcf7-form-control wpcf7-file\" accept=\".pdf\" aria-invalid=\"false\" type=\"file\" name=\"reporte-tributario\" \/><\/span>\n\t\t\t\t<\/p>\n\t\t\t<\/div>\n\t\t\t<div class=\"column-half\">\n\t\t\t\t<p>Adjuntar material promocional\n\t\t\t\t<\/p>\n\t\t\t\t<p><span class=\"nota\">cat\u00e1logos y\/o Brochure del producto (M\u00e1x. 1MB)<\/span><br \/>\n<span class=\"wpcf7-form-control-wrap\" data-name=\"material-promocional\"><input size=\"40\" class=\"wpcf7-form-control wpcf7-file\" accept=\".pdf\" aria-invalid=\"false\" type=\"file\" name=\"material-promocional\" \/><\/span>\n\t\t\t\t<\/p>\n\t\t\t<\/div>\n\t\t<\/div>\n\t\t<div class=\"form-row\">\n\t\t\t<div class=\"column-half\">\n\t\t\t\t<p>Adjuntar foto de producto(s) destacado(s) (M\u00e1x. 1MB)\n\t\t\t\t<\/p>\n\t\t\t\t<p><div id=\"mfcf7_zl_multifilecontainer\"><span class=\"mfcf7-zl-multiline-sample\" style=\"display:none\"><p class=\"wpcf7-form-control-wrap foto-de-producto\"><input size=\"40\" class=\"wpcf7-form-control wpcf7-multilinefile\" multiple=\"multiple\" value=\"Upload\" aria-invalid=\"false\" type=\"file\" name=\"foto-de-producto[]\" \/> <span class=\"mfcf7-zl-multifile-name\"><\/span><a href=\"javascript:void(0);\" class=\"mfcf7_zl_delete_file\"><span class=\"delete-file\" aria-hidden=\"true\">\u274c<\/span><\/a><\/p><\/span><\/div><span class=\"wpcf7-form-control-wrap zl-form-control-wrap foto-de-producto\"><input size=\"40\" class=\"wpcf7-form-control wpcf7-multilinefile\" multiple=\"multiple\" value=\"Upload\" aria-invalid=\"false\" type=\"file\" name=\"foto-de-producto[]\" \/> <span class=\"mfcf7-zl-multifile-name\"><\/span><a href=\"javascript:void(0);\" class=\"mfcf7_zl_delete_file\"><span class=\"delete-file\" aria-hidden=\"true\">\u274c<\/span><\/a><\/span><p><label><span class=\"wpcf7-form-control-wrap\" data-name=\"foto-de-producto-zl-mfcf7-upld-btn\"><input type=\"button\" name=\"foto-de-producto-zl-mfcf7-upld-btn\" class=\"button button-primary qbutton\" id=\"mfcf7_zl_add_file\" value=\"Upload\"><\/span><\/label><\/p>\n\t\t\t\t<\/p>\n\t\t\t<\/div>\n\t\t\t<div class=\"column-half\">\n\t\t\t\t<p>En caso tengan, adjuntar certificaciones, registros o permisos (M\u00e1x. 1MB)\n\t\t\t\t<\/p>\n\t\t\t\t<p><span class=\"wpcf7-form-control-wrap\" data-name=\"certificaciones\"><input size=\"40\" class=\"wpcf7-form-control wpcf7-file\" accept=\".pdf\" aria-invalid=\"false\" type=\"file\" name=\"certificaciones\" \/><\/span>\n\t\t\t\t<\/p>\n\t\t\t<\/div>\n\t\t<\/div>\n\t\t<div class=\"form-row\">\n\t\t\t<div class=\"column-full\">\n\t\t\t\t<p>Adjuntar logo marca\n\t\t\t\t<\/p>\n\t\t\t\t<p><span class=\"nota\">Logo gr\u00e1fico que identifica a su empresa (M\u00e1x. 1MB)<\/span><br \/>\n<span class=\"wpcf7-form-control-wrap\" data-name=\"logos-marca\"><input size=\"40\" class=\"wpcf7-form-control wpcf7-file\" accept=\".gif,.png,.jpg,.jpeg\" aria-invalid=\"false\" type=\"file\" name=\"logos-marca\" \/><\/span>\n\t\t\t\t<\/p>\n\t\t\t<\/div>\n\t\t<\/div>\n\t\t<div class=\"form-row\">\n\t\t\t<div class=\"column-full\">\n\t\t\t\t<p><input class=\"wpcf7-form-control wpcf7-submit has-spinner\" type=\"submit\" value=\"Enviar\" \/>\n\t\t\t\t<\/p>\n\t\t\t<\/div>\n\t\t\t<div class=\"column-full\">\n\t\t\t<span class=\"wpcf7-form-control-wrap recaptcha\" data-name=\"recaptcha\"><span data-sitekey=\"6LcR8DQqAAAAAF1eVrbdC4SubobyV4dTlNy42tWZ\" class=\"wpcf7-form-control wpcf7-recaptcha g-recaptcha\"><\/span>\r\n<noscript>\r\n\t<div class=\"grecaptcha-noscript\">\r\n\t\t<iframe src=\"https:\/\/www.google.com\/recaptcha\/api\/fallback?k=6LcR8DQqAAAAAF1eVrbdC4SubobyV4dTlNy42tWZ\" frameborder=\"0\" scrolling=\"no\" width=\"310\" height=\"430\">\r\n\t\t<\/iframe>\r\n\t\t<textarea name=\"g-recaptcha-response\" rows=\"3\" cols=\"40\" placeholder=\"reCaptcha Response Here\">\r\n\t\t<\/textarea>\r\n\t<\/div>\r\n<\/noscript>\r\n<\/span>\n\t\t\t<\/div>\n\t\t<\/div>\n\t<\/div><!--end responsive-form-->\n<\/div><div class=\"wpcf7-response-output\" aria-hidden=\"true\"><\/div>\n<\/form>\n<\/div>\n<\/div>\n\t\t\t\t\t\t<\/div>\n\t\t\t\t<\/div>\n\t\t\t\t<div class=\"elementor-element elementor-element-c1a312c elementor-widget elementor-widget-text-editor\" data-id=\"c1a312c\" data-element_type=\"widget\" data-e-type=\"widget\" data-widget_type=\"text-editor.default\">\n\t\t\t\t<div class=\"elementor-widget-container\">\n\t\t\t\t\t\t\t\t\t<p>Aviso de Confidencialidad y Protecci\u00f3n de Datos Personales <br \/>Sociedad Nacional de Industrias (SNI) comunica, en virtud de su Pol\u00edtica de Seguridad de Datos Personales, que los datos que usted proporcione como aquellos que se les solicite para gestionar su participaci\u00f3n en los cursos, seminarios y\/o talleres que dicta la SNI, ser\u00e1n incluidos y se tratar\u00e1n en el banco de datos inscrito en el Ministerio de Justicia y Derechos Humanos del Per\u00fa del cual es titular la Sociedad Nacional de Industrias, seg\u00fan lo regulado en la Ley N\u00b0 29733, Ley de Protecci\u00f3n de Datos Personales, su reglamento y directiva. Asimismo, le indicamos que toda la informaci\u00f3n que nos brinde y que se considere como \u201cdatos personales\u201d y\/o \u201cdatos sensibles\u201d seg\u00fan lo dispuesto en la Ley de Protecci\u00f3n de Datos Personales, ser\u00e1n tratados de manera reservada y confidencial conforme a lo establecido en dicho dispositivo legal y nuestro marco constitucional, salvo vuestra autorizaci\u00f3n expresa para tal efecto.<\/p>\t\t\t\t\t\t\t\t<\/div>\n\t\t\t\t<\/div>\n\t\t\t\t\t<\/div>\n\t\t\t\t<\/div>\n\t\t\t\t<\/div>\n\t\t","protected":false},"excerpt":{"rendered":"<p>Registro gu\u00eda de proveedores circulares Aviso de Confidencialidad y Protecci\u00f3n de Datos Personales Sociedad Nacional de Industrias (SNI) comunica, en virtud de su Pol\u00edtica de Seguridad de Datos Personales, que los datos que usted proporcione como aquellos que se les solicite para gestionar su participaci\u00f3n en los cursos, seminarios y\/o talleres que dicta la SNI, &hellip; <a href=\"https:\/\/hubcircularsni.com\/servicios-colaborativos\/registro-de-proveedores\/\" class=\"more-link\">Continue reading<span class=\"screen-reader-text\"> &#8220;Registro de proveedores&#8221;<\/span><\/a><\/p>\n","protected":false},"author":2,"featured_media":0,"parent":0,"menu_order":0,"comment_status":"closed","ping_status":"closed","template":"","meta":{"_acf_changed":false,"footnotes":""},"class_list":["post-405","page","type-page","status-publish","hentry"],"acf":[],"_hostinger_reach_plugin_has_subscription_block":false,"_hostinger_reach_plugin_is_elementor":false,"_links":{"self":[{"href":"https:\/\/hubcircularsni.com\/servicios-colaborativos\/wp-json\/wp\/v2\/pages\/405","targetHints":{"allow":["GET"]}}],"collection":[{"href":"https:\/\/hubcircularsni.com\/servicios-colaborativos\/wp-json\/wp\/v2\/pages"}],"about":[{"href":"https:\/\/hubcircularsni.com\/servicios-colaborativos\/wp-json\/wp\/v2\/types\/page"}],"author":[{"embeddable":true,"href":"https:\/\/hubcircularsni.com\/servicios-colaborativos\/wp-json\/wp\/v2\/users\/2"}],"replies":[{"embeddable":true,"href":"https:\/\/hubcircularsni.com\/servicios-colaborativos\/wp-json\/wp\/v2\/comments?post=405"}],"version-history":[{"count":14,"href":"https:\/\/hubcircularsni.com\/servicios-colaborativos\/wp-json\/wp\/v2\/pages\/405\/revisions"}],"predecessor-version":[{"id":423,"href":"https:\/\/hubcircularsni.com\/servicios-colaborativos\/wp-json\/wp\/v2\/pages\/405\/revisions\/423"}],"wp:attachment":[{"href":"https:\/\/hubcircularsni.com\/servicios-colaborativos\/wp-json\/wp\/v2\/media?parent=405"}],"curies":[{"name":"wp","href":"https:\/\/api.w.org\/{rel}","templated":true}]}}